{"id":3009,"date":"2023-12-11T10:45:54","date_gmt":"2023-12-11T10:45:54","guid":{"rendered":"https:\/\/fensfeltet.no\/?page_id=3009"},"modified":"2023-12-11T13:27:56","modified_gmt":"2023-12-11T13:27:56","slug":"personvern","status":"publish","type":"page","link":"https:\/\/fensfeltet.no\/en\/personvern\/","title":{"rendered":"Personvern"},"content":{"rendered":"<div data-elementor-type=\"wp-page\" data-elementor-id=\"3009\" class=\"elementor elementor-3009\" data-elementor-post-type=\"page\">\n\t\t\t\t<div class=\"elementor-element elementor-element-bda1bed e-flex e-con-boxed e-con e-parent\" data-id=\"bda1bed\" data-element_type=\"container\" data-e-type=\"container\">\n\t\t\t\t\t<div class=\"e-con-inner\">\n\t\t\t\t<div class=\"elementor-element elementor-element-92d4ea0 elementor-widget elementor-widget-heading\" data-id=\"92d4ea0\" data-element_type=\"widget\" data-e-type=\"widget\" data-widget_type=\"heading.default\">\n\t\t\t\t<div class=\"elementor-widget-container\">\n\t\t\t\t\t<h2 class=\"elementor-heading-title elementor-size-default\">Personvern<\/h2>\t\t\t\t<\/div>\n\t\t\t\t<\/div>\n\t\t\t\t<div class=\"elementor-element elementor-element-0813aef elementor-widget elementor-widget-text-editor\" data-id=\"0813aef\" data-element_type=\"widget\" data-e-type=\"widget\" data-widget_type=\"text-editor.default\">\n\t\t\t\t<div class=\"elementor-widget-container\">\n\t\t\t\t\t\t\t\t\t<p>Midt-Telemark og Nome Utvikling AS er opptatt av \u00e5 beskytte og respektere personvernet ditt i samsvar med EUs personvernforordning (2016\/679) av 27. april 2016 (General Data Protection Regulation, GDPR). Denne personvernerkl\u00e6ringen forklarer n\u00e5r og hvorfor vi samler inn personopplysninger, hvordan vi bruker dem, under hvilke omstendigheter vi kan videreformidle dem til andre, og hvordan vi ivaretar opplysningenes sikkerhet.<\/p><p><strong>Hvem er vi?<\/strong><\/p><p>Midt-Telemark og Nome Utvikling AS jobber med veiledning og r\u00e5dgivning for n\u00e6ringslivet i Midt-Telemark og Nome. Selskapets hovedkontor ligger i B\u00f8 i Telemark, Norge.<br \/>Midt-Telemark og Nome Utvikling AS er dataansvarlig og selskapets databeskyttelsesansvarlige kan kontaktes p\u00e5 e-post: post@mtnu.no<\/p><p><strong>N\u00e5r samler vi inn personopplysninger om deg?<\/strong><\/p><p>N\u00e5r du kontakter oss.<\/p><p>N\u00e5r du samhandler med oss personlig, gjennom korrespondanse, via telefon, i sosiale medier eller via websidene v\u00e5re.<\/p><p>N\u00e5r vi samler inn personopplysninger fra andre offentlige kilder (f.eks. Br\u00f8nn\u00f8ysundregistrene). Vi bruker bare disse dataene hvis du har gitt kildene samtykke til at de kan dele personopplysningene dine med andre.<\/p><p><strong>Hvorfor samler vi inn og bruker personopplysninger?<\/strong><\/p><p>Vi samler inn og bruker personopplysninger hovedsakelig for \u00e5 kunne f\u00f8lge opp v\u00e5r veiledning og r\u00e5dgivning, og markedsf\u00f8re arrangementer. Vi samler ogs\u00e5 inn opplysninger om leverand\u00f8rer, partnere og personer som s\u00f8ker jobb eller arbeider i selskapet v\u00e5rt.<\/p><p>Vi kan bruke opplysningene dine til f\u00f8lgende form\u00e5l:<\/p><p>Sende deg markedsf\u00f8ringskommunikasjon som du har bedt om. Dette kan omfatte informasjon om v\u00e5re tjenester, og markedsf\u00f8ring av arrangementer og aktiviteter. Denne kommunikasjonen er abonnementsbasert og krever at du samtykker til \u00e5 motta den.<\/p><p>Gi deg informasjon om et arrangement du har meldt deg p\u00e5, for eksempel om innhold og m\u00f8tested.<\/p><p>Svare p\u00e5 et \u00abKontakt meg\u00bb-skjema eller andre webskjemaer du har fylt ut p\u00e5 Midt-Telemark og Nome Utvikling AS sine websider.<\/p><p>F\u00f8lge opp innkommende foresp\u00f8rsler (kundest\u00f8tte, e-post, eller telefonsamtaler).<\/p><p>Kontakte deg for \u00e5 utf\u00f8re unders\u00f8kelser om hva du mener om produktene og tjenestene v\u00e5re.<\/p><p>Behandle en jobbs\u00f8knad.<\/p><p><strong>Hvilken type personopplysninger samles inn?<\/strong><\/p><p>Vi samler inn navn, telefonnummer, stilling og e-postadresse i tillegg til navnet p\u00e5 og kontaktinformasjonen til selskapet du jobber for. Vi kan ogs\u00e5 samle inn tilbakemeldinger, kommentarer og sp\u00f8rsm\u00e5l som vi har mottatt fra deg i servicerelatert kommunikasjon og aktiviteter, som m\u00f8ter, telefonsamtaler, dokumenter og e-post. Fra websidene v\u00e5re kan vi samle inn IP-adresser og handlinger utf\u00f8rt p\u00e5 siden.<\/p><p>Hvis du s\u00f8ker p\u00e5 en jobb hos Midt-Telemark og Nome Utvikling AS, samler vi inn opplysningene du gir under s\u00f8knadsprosessen.<\/p><p>Midt-Telemark og Nome Utvikling AS samler ikke inn og behandler ikke spesielle kategorier med personopplysninger, som unike identifikatorer og sensitive personopplysninger.<\/p><p><strong>Hvor lenge tar vi vare p\u00e5 personopplysninger?<\/strong><\/p><p>Vi lagrer innsamlede personopplysninger s\u00e5 lenge vi mener det er n\u00f8dvendig for \u00e5 oppfylle form\u00e5let med innsamlingen. Samtidig vurderer vi behovet for \u00e5 svare p\u00e5 foresp\u00f8rsler fra deg eller l\u00f8se mulige problemer, overholde lovfestede krav under gjeldende lovgivning og behandle lovfestede krav\/klager. I tillegg tar vi beskyttelsesform\u00e5l i betraktning.<\/p><p>Dette betyr at vi kan oppbevare personopplysningene dine i en rimelig periode etter din siste samhandling med oss. N\u00e5r personopplysningene som vi har samlet inn, ikke lenger er n\u00f8dvendige, sletter vi dem p\u00e5 en sikker m\u00e5te. Vi kan behandle opplysningene for statistiske form\u00e5l, men i slike tilfeller vil opplysningene bli anonymisert.<\/p><p><strong>Rettigheter til egne personopplysninger<\/strong><\/p><p>Du har f\u00f8lgende rettigheter til personopplysningene dine:<\/p><p>Rett til \u00e5 be om en kopi av personopplysningene som Midt-Telemark og Nome Utvikling AS har om deg.<\/p><p>Rett til \u00e5 be Midt-Telemark og Nome Utvikling AS korrigere personopplysningene hvis de er un\u00f8yaktige eller utdaterte.<\/p><p>Rett til \u00e5 be om at personopplysningene slettes n\u00e5r det ikke lenger er n\u00f8dvendig for Midt-Telemark og Nome Utvikling AS \u00e5 oppbevare slike data.<\/p><p>Rett til n\u00e5r som helst \u00e5 trekke tilbake et samtykke til at vi kan behandle personopplysningene dine.<\/p><p>Alle sp\u00f8rsm\u00e5l om personvernrettigheter skal sendes til post@mtnu.no<\/p><p><strong>Bruken av informasjonskapsler og nettvarder<\/strong><\/p><p>Vi bruker informasjonskapsler og nettvarder til \u00e5 samle inn informasjon mens du navigerer p\u00e5 selskapets websider (websidens navigasjonsinformasjon). Denne informasjonen omfatter standardinformasjon fra nettleseren din, som nettlesertype og nettleserspr\u00e5k, IP-adresse (Internett-protokoll) og handlingene du utf\u00f8rer p\u00e5 selskapets websider, som websidene du ser p\u00e5 og koblingene du klikker p\u00e5.<\/p><p>Informasjonen brukes til \u00e5 f\u00e5 websidene til \u00e5 fungere mer effektivt, samt til \u00e5 gi eierne av siden forretnings- og markedsf\u00f8ringsinformasjon. Vi samler ogs\u00e5 inn informasjon om operativsystem, refererende side, banen gjennom webomr\u00e5det, ISP-domene osv. Form\u00e5let er \u00e5 forst\u00e5 hvordan bes\u00f8kende bruker et webomr\u00e5de. Informasjonskapsler og lignende teknologi hjelper oss til \u00e5 skreddersy webomr\u00e5det etter dine personlige behov samt til \u00e5 oppdage og forebygge sikkerhetstrusler og misbruk. Hvis informasjonskapsler og nettvarder brukes alene, vil de ikke identifisere deg personlig.<\/p><p><strong>Deler vi opplysningene dine med noen?<\/strong><\/p><p>Vi verken deler, selger, leier eller utveksler opplysningene dine med tredjeparter uten ditt samtykke.<\/p><p>Hvis lovp\u00e5lagt:<\/p><p>Vi offentliggj\u00f8r personopplysningene dine dersom det er p\u00e5lagt ved lov, eller dersom vi som selskap med rimelighet mener at denne offentliggj\u00f8ringen er n\u00f8dvendig for \u00e5 beskytte selskapets rettigheter og\/eller for \u00e5 overholde krav i forbindelse med en rettssak eller rettskjennelse. Vi vil imidlertid gj\u00f8re det vi kan for \u00e5 sikre at personvernrettighetene fortsatt beskyttes.<\/p><p>Bruk av underleverand\u00f8rer (databehandlere og underdatabehandlere)<\/p><p>Vi kan bruke underleverand\u00f8rer til \u00e5 behandle personopplysninger p\u00e5 v\u00e5re vegne. I s\u00e5 fall har vi ansvar for \u00e5 p\u00e5se at de forplikter seg til \u00e5 f\u00f8lge denne personvernerkl\u00e6ringen og gjeldende personvernlovgivning ved \u00e5 signere en databehandlingsavtale.<\/p><p>Hvis underleverand\u00f8ren behandler personopplysninger utenfor EU\/E\u00d8S-omr\u00e5det, m\u00e5 slik behandling v\u00e6re i samsvar med rammeverket EU-US Privacy Shield, EUs standardkontraktsvilk\u00e5r for overf\u00f8ring til tredjeland eller et annet spesifikt fastsatt rettslig grunnlag for overf\u00f8ringen av personopplysninger til et tredjeland.<\/p><p><strong>Endringer i denne personvernerkl\u00e6ringen<\/strong><\/p><p>Midt-Telemark og Nome Utvikling AS forbeholder seg retten til n\u00e5r som helst \u00e5 endre denne personvernerkl\u00e6ringen. Den gjeldende versjonen vil alltid v\u00e6re tilgjengelige p\u00e5 websidene v\u00e5re. Vi oppfordrer deg til \u00e5 sjekke personvernerkl\u00e6ringen fra tid til annen for \u00e5 forsikre deg om at du er forn\u00f8yd med eventuelle endringer.<\/p><p>Hvis vi gj\u00f8r endringer som endrer personvernpraksisen betydelig, varsler vi deg p\u00e5 e-post eller ved \u00e5 legge ut en melding p\u00e5 websidene v\u00e5re f\u00f8r endringen trer i kraft.<\/p><p><strong>Retten til \u00e5 registrere en klage hos en tilsynsmyndighet<\/strong><\/p><p>Hvis du er misforn\u00f8yd med m\u00e5ten personopplysningene dine er behandlet p\u00e5, kan du i f\u00f8rste omgang kontakte oss pr e-post: pal@mtnu.no<\/p><p>Hvis du fortsatt er misforn\u00f8yd, har du rett til \u00e5 henvende deg direkte til de nasjonale tilsynsmyndighetene for \u00e5 f\u00e5 en avgj\u00f8relse. Tilsynsmyndighetene kan kontaktes p\u00e5 www.datatilsynet.no<\/p>\t\t\t\t\t\t\t\t<\/div>\n\t\t\t\t<\/div>\n\t\t\t\t\t<\/div>\n\t\t\t\t<\/div>\n\t\t\t\t<\/div>","protected":false},"excerpt":{"rendered":"<p>Personvern Midt-Telemark og Nome Utvikling AS er opptatt av \u00e5 beskytte og respektere personvernet ditt i samsvar med EUs personvernforordning (2016\/679) av 27. april 2016 (General Data Protection Regulation, GDPR). Denne personvernerkl\u00e6ringen forklarer n\u00e5r og hvorfor vi samler inn personopplysninger, hvordan vi bruker dem, under hvilke omstendigheter vi kan videreformidle dem til andre, og hvordan [&hellip;]<\/p>\n","protected":false},"author":1,"featured_media":0,"parent":0,"menu_order":0,"comment_status":"closed","ping_status":"closed","template":"","meta":{"_monsterinsights_skip_tracking":false,"_monsterinsights_sitenote_active":false,"_monsterinsights_sitenote_note":"","_monsterinsights_sitenote_category":0,"footnotes":""},"class_list":["post-3009","page","type-page","status-publish","hentry"],"_links":{"self":[{"href":"https:\/\/fensfeltet.no\/en\/wp-json\/wp\/v2\/pages\/3009","targetHints":{"allow":["GET"]}}],"collection":[{"href":"https:\/\/fensfeltet.no\/en\/wp-json\/wp\/v2\/pages"}],"about":[{"href":"https:\/\/fensfeltet.no\/en\/wp-json\/wp\/v2\/types\/page"}],"author":[{"embeddable":true,"href":"https:\/\/fensfeltet.no\/en\/wp-json\/wp\/v2\/users\/1"}],"replies":[{"embeddable":true,"href":"https:\/\/fensfeltet.no\/en\/wp-json\/wp\/v2\/comments?post=3009"}],"version-history":[{"count":13,"href":"https:\/\/fensfeltet.no\/en\/wp-json\/wp\/v2\/pages\/3009\/revisions"}],"predecessor-version":[{"id":3049,"href":"https:\/\/fensfeltet.no\/en\/wp-json\/wp\/v2\/pages\/3009\/revisions\/3049"}],"wp:attachment":[{"href":"https:\/\/fensfeltet.no\/en\/wp-json\/wp\/v2\/media?parent=3009"}],"curies":[{"name":"wp","href":"https:\/\/api.w.org\/{rel}","templated":true}]}}