{"id":38,"date":"2023-11-06T05:17:47","date_gmt":"2023-11-06T05:17:47","guid":{"rendered":"https:\/\/fensfeltet.no\/?page_id=38"},"modified":"2023-12-28T21:22:37","modified_gmt":"2023-12-28T21:22:37","slug":"om-fensfeltet","status":"publish","type":"page","link":"https:\/\/fensfeltet.no\/en\/om-fensfeltet\/","title":{"rendered":"About fensfeltet.no"},"content":{"rendered":"<div data-elementor-type=\"wp-page\" data-elementor-id=\"38\" class=\"elementor elementor-38\" data-elementor-post-type=\"page\">\n\t\t\t\t<div class=\"elementor-element elementor-element-8df3b26 e-flex e-con-boxed e-con e-parent\" data-id=\"8df3b26\" data-element_type=\"container\" data-e-type=\"container\" data-settings=\"{&quot;background_background&quot;:&quot;classic&quot;}\">\n\t\t\t\t\t<div class=\"e-con-inner\">\n\t\t\t\t\t<\/div>\n\t\t\t\t<\/div>\n\t\t<div class=\"elementor-element elementor-element-02678ff e-flex e-con-boxed e-con e-parent\" data-id=\"02678ff\" data-element_type=\"container\" data-e-type=\"container\" data-settings=\"{&quot;background_background&quot;:&quot;classic&quot;}\">\n\t\t\t\t\t<div class=\"e-con-inner\">\n\t\t<div class=\"elementor-element elementor-element-7072f94 e-con-full e-flex e-con e-child\" data-id=\"7072f94\" data-element_type=\"container\" data-e-type=\"container\">\n\t\t\t\t<div class=\"elementor-element elementor-element-2803da8 elementor-widget elementor-widget-heading\" data-id=\"2803da8\" data-element_type=\"widget\" data-e-type=\"widget\" data-widget_type=\"heading.default\">\n\t\t\t\t<div class=\"elementor-widget-container\">\n\t\t\t\t\t<h1 class=\"elementor-heading-title elementor-size-default\">About this website<\/h1>\t\t\t\t<\/div>\n\t\t\t\t<\/div>\n\t\t\t\t<\/div>\n\t\t<div class=\"elementor-element elementor-element-c4b0cce e-con-full e-flex e-con e-child\" data-id=\"c4b0cce\" data-element_type=\"container\" data-e-type=\"container\">\n\t\t\t\t<div class=\"elementor-element elementor-element-ca97c35 elementor-widget elementor-widget-text-editor\" data-id=\"ca97c35\" data-element_type=\"widget\" data-e-type=\"widget\" data-widget_type=\"text-editor.default\">\n\t\t\t\t<div class=\"elementor-widget-container\">\n\t\t\t\t\t\t\t\t\t<p>Fensfelet.no is owned by Nome municipality and Midt-Telemark og Nome utvikling AS (MTNU).<\/p><p>The purpose of the website is to provide good and objective information about the Fen Complex to anyone who is interested. \u00a0\u00a0<\/p><p>We hope the content provides good answers to whatever questions the readers may have about the Fen Complex, with descriptions of natural conditions, opportunities and challenges linked to the resources that are located underground and the significance these resources can have for society at large. \u00a0<\/p><p>If you want to know more about Nome municipality and MTNU's tasks and roles in the work on the Fen Complex, you can go to our websites, <a href=\"http:\/\/www.nome.kommune.no\" target=\"_blank\" rel=\"noopener\">www.nome.kommune.no<\/a> and <a href=\"http:\/\/www.mtnu.no\" target=\"_blank\" rel=\"noopener\">www.mtnu.no<\/a>. You are also welcome to <a href=\"https:\/\/fensfeltet.no\/en\/kontakt-oss\/\">contact us directly through this website<\/a>.<\/p>\t\t\t\t\t\t\t\t<\/div>\n\t\t\t\t<\/div>\n\t\t\t\t<\/div>\n\t\t\t\t\t<\/div>\n\t\t\t\t<\/div>\n\t\t<div class=\"elementor-element elementor-element-ad2a2e4 e-flex e-con-boxed e-con e-parent\" data-id=\"ad2a2e4\" data-element_type=\"container\" data-e-type=\"container\" data-settings=\"{&quot;background_background&quot;:&quot;classic&quot;}\">\n\t\t\t\t\t<div class=\"e-con-inner\">\n\t\t<div class=\"elementor-element elementor-element-989d422 e-flex e-con-boxed e-con e-child\" data-id=\"989d422\" data-element_type=\"container\" data-e-type=\"container\" data-settings=\"{&quot;background_background&quot;:&quot;classic&quot;}\">\n\t\t\t\t\t<div class=\"e-con-inner\">\n\t\t\t\t<div class=\"elementor-element elementor-element-6b1513f elementor-widget elementor-widget-heading\" data-id=\"6b1513f\" data-element_type=\"widget\" data-e-type=\"widget\" data-widget_type=\"heading.default\">\n\t\t\t\t<div class=\"elementor-widget-container\">\n\t\t\t\t\t<h2 class=\"elementor-heading-title elementor-size-default\">Do you want to know more? <\/h2>\t\t\t\t<\/div>\n\t\t\t\t<\/div>\n\t\t\t\t<div class=\"elementor-element elementor-element-5275ec6 elementor-widget elementor-widget-button\" data-id=\"5275ec6\" data-element_type=\"widget\" data-e-type=\"widget\" data-widget_type=\"button.default\">\n\t\t\t\t<div class=\"elementor-widget-container\">\n\t\t\t\t\t\t\t\t\t<div class=\"elementor-button-wrapper\">\n\t\t\t\t\t<a class=\"elementor-button elementor-button-link elementor-size-sm\" href=\"https:\/\/fensfeltet.no\/en\/kontakt-oss\/\">\n\t\t\t\t\t\t<span class=\"elementor-button-content-wrapper\">\n\t\t\t\t\t\t\t\t\t<span class=\"elementor-button-text\">Contact<\/span>\n\t\t\t\t\t<\/span>\n\t\t\t\t\t<\/a>\n\t\t\t\t<\/div>\n\t\t\t\t\t\t\t\t<\/div>\n\t\t\t\t<\/div>\n\t\t\t\t\t<\/div>\n\t\t\t\t<\/div>\n\t\t\t\t\t<\/div>\n\t\t\t\t<\/div>\n\t\t\t\t<\/div>","protected":false},"excerpt":{"rendered":"<p>Om denne nettsiden Fensfeltet.no eies av Nome kommune og Midt-Telemark og Nome utvikling AS (MTNU). Form\u00e5let med nettsiden er \u00e5 gi god og objektiv informasjon om Fensfeltet til alle som er interessert. \u00a0\u00a0 Vi h\u00e5per innholdet gir leserne gode svar p\u00e5 det de lurer p\u00e5 om Fensfeltet, med beskrivelser av naturgitte forhold, muligheter og utfordringer [&hellip;]<\/p>\n","protected":false},"author":1,"featured_media":0,"parent":0,"menu_order":0,"comment_status":"closed","ping_status":"closed","template":"","meta":{"_monsterinsights_skip_tracking":false,"_monsterinsights_sitenote_active":false,"_monsterinsights_sitenote_note":"","_monsterinsights_sitenote_category":0,"footnotes":""},"class_list":["post-38","page","type-page","status-publish","hentry"],"_links":{"self":[{"href":"https:\/\/fensfeltet.no\/en\/wp-json\/wp\/v2\/pages\/38","targetHints":{"allow":["GET"]}}],"collection":[{"href":"https:\/\/fensfeltet.no\/en\/wp-json\/wp\/v2\/pages"}],"about":[{"href":"https:\/\/fensfeltet.no\/en\/wp-json\/wp\/v2\/types\/page"}],"author":[{"embeddable":true,"href":"https:\/\/fensfeltet.no\/en\/wp-json\/wp\/v2\/users\/1"}],"replies":[{"embeddable":true,"href":"https:\/\/fensfeltet.no\/en\/wp-json\/wp\/v2\/comments?post=38"}],"version-history":[{"count":70,"href":"https:\/\/fensfeltet.no\/en\/wp-json\/wp\/v2\/pages\/38\/revisions"}],"predecessor-version":[{"id":3369,"href":"https:\/\/fensfeltet.no\/en\/wp-json\/wp\/v2\/pages\/38\/revisions\/3369"}],"wp:attachment":[{"href":"https:\/\/fensfeltet.no\/en\/wp-json\/wp\/v2\/media?parent=38"}],"curies":[{"name":"wp","href":"https:\/\/api.w.org\/{rel}","templated":true}]}}