{"id":627,"date":"2023-11-14T10:30:51","date_gmt":"2023-11-14T10:30:51","guid":{"rendered":"https:\/\/fensfeltet.no\/?page_id=627"},"modified":"2023-12-11T16:29:30","modified_gmt":"2023-12-11T16:29:30","slug":"tall-og-data","status":"publish","type":"page","link":"https:\/\/fensfeltet.no\/en\/tall-og-data\/","title":{"rendered":"Milestones and progress"},"content":{"rendered":"<div data-elementor-type=\"wp-page\" data-elementor-id=\"627\" class=\"elementor elementor-627\" data-elementor-post-type=\"page\">\n\t\t\t\t<div class=\"elementor-element elementor-element-1ddadb56 tsection tsection1 e-flex e-con-boxed e-con e-parent\" data-id=\"1ddadb56\" data-element_type=\"container\" data-e-type=\"container\">\n\t\t\t\t\t<div class=\"e-con-inner\">\n\t\t<div class=\"elementor-element elementor-element-1112b197 e-flex e-con-boxed e-con e-child\" data-id=\"1112b197\" data-element_type=\"container\" data-e-type=\"container\">\n\t\t\t\t\t<div class=\"e-con-inner\">\n\t\t\t\t<div class=\"elementor-element elementor-element-7a1893cd elementor-absolute elementor-widget elementor-widget-heading\" data-id=\"7a1893cd\" data-element_type=\"widget\" data-e-type=\"widget\" data-settings=\"{&quot;_position&quot;:&quot;absolute&quot;}\" data-widget_type=\"heading.default\">\n\t\t\t\t<div class=\"elementor-widget-container\">\n\t\t\t\t\t<span class=\"elementor-heading-title elementor-size-default\">Milestones and progress<\/span>\t\t\t\t<\/div>\n\t\t\t\t<\/div>\n\t\t\t\t\t<\/div>\n\t\t\t\t<\/div>\n\t\t\t\t<div class=\"elementor-element elementor-element-29671a4 elementor-widget elementor-widget-image\" data-id=\"29671a4\" data-element_type=\"widget\" data-e-type=\"widget\" data-widget_type=\"image.default\">\n\t\t\t\t<div class=\"elementor-widget-container\">\n\t\t\t\t\t\t\t\t\t\t\t\t<figure class=\"wp-caption\">\n\t\t\t\t\t\t\t\t\t\t<img fetchpriority=\"high\" decoding=\"async\" width=\"2560\" height=\"1707\" src=\"https:\/\/fensfeltet.no\/wp-content\/uploads\/2023\/11\/Fensfeltet-sett-fra-Hollahogden-Tufte-12-scaled.jpg\" class=\"attachment-full size-full wp-image-761\" alt=\"Fen og Fensfeltet sett fra Holla kirkeruin.\" srcset=\"https:\/\/fensfeltet.no\/wp-content\/uploads\/2023\/11\/Fensfeltet-sett-fra-Hollahogden-Tufte-12-scaled.jpg 2560w, https:\/\/fensfeltet.no\/wp-content\/uploads\/2023\/11\/Fensfeltet-sett-fra-Hollahogden-Tufte-12-300x200.jpg 300w, https:\/\/fensfeltet.no\/wp-content\/uploads\/2023\/11\/Fensfeltet-sett-fra-Hollahogden-Tufte-12-1024x683.jpg 1024w, https:\/\/fensfeltet.no\/wp-content\/uploads\/2023\/11\/Fensfeltet-sett-fra-Hollahogden-Tufte-12-768x512.jpg 768w, https:\/\/fensfeltet.no\/wp-content\/uploads\/2023\/11\/Fensfeltet-sett-fra-Hollahogden-Tufte-12-1536x1024.jpg 1536w, https:\/\/fensfeltet.no\/wp-content\/uploads\/2023\/11\/Fensfeltet-sett-fra-Hollahogden-Tufte-12-2048x1365.jpg 2048w\" sizes=\"(max-width: 2560px) 100vw, 2560px\" \/>\t\t\t\t\t\t\t\t\t\t\t<figcaption class=\"widget-image-caption wp-caption-text\">Fen seen from the Holla church ruin.  <\/figcaption>\n\t\t\t\t\t\t\t\t\t\t<\/figure>\n\t\t\t\t\t\t\t\t\t<\/div>\n\t\t\t\t<\/div>\n\t\t<div class=\"elementor-element elementor-element-3afba206 e-flex e-con-boxed e-con e-child\" data-id=\"3afba206\" data-element_type=\"container\" data-e-type=\"container\">\n\t\t\t\t\t<div class=\"e-con-inner\">\n\t\t\t\t<div class=\"elementor-element elementor-element-71637c9e elementor-widget elementor-widget-heading\" data-id=\"71637c9e\" data-element_type=\"widget\" data-e-type=\"widget\" data-widget_type=\"heading.default\">\n\t\t\t\t<div class=\"elementor-widget-container\">\n\t\t\t\t\t<h1 class=\"elementor-heading-title elementor-size-default\">Milestones: The road from research to production <\/h1>\t\t\t\t<\/div>\n\t\t\t\t<\/div>\n\t\t\t\t<div class=\"elementor-element elementor-element-120f3ec8 elementor-widget elementor-widget-text-editor\" data-id=\"120f3ec8\" data-element_type=\"widget\" data-e-type=\"widget\" data-widget_type=\"text-editor.default\">\n\t\t\t\t<div class=\"elementor-widget-container\">\n\t\t\t\t\t\t\t\t\t<p><b>Several companies currently hold <span class='tooltipsall tooltipsincontent classtoolTips6'><a href='https:\/\/fensfeltet.no\/en\/glossary\/bergrettigheter\/' target='_blank'>mining rights*<\/a><\/span> on the Fen Complex. This means that they are working towards a goal of starting up mining operations.\u00a0 \u00a0<\/b><\/p>\t\t\t\t\t\t\t\t<\/div>\n\t\t\t\t<\/div>\n\t\t<div class=\"elementor-element elementor-element-3b85664f e-flex e-con-boxed e-con e-child\" data-id=\"3b85664f\" data-element_type=\"container\" data-e-type=\"container\">\n\t\t\t\t\t<div class=\"e-con-inner\">\n\t\t\t\t<div class=\"elementor-element elementor-element-1f381766 elementor-widget elementor-widget-heading\" data-id=\"1f381766\" data-element_type=\"widget\" data-e-type=\"widget\" data-widget_type=\"heading.default\">\n\t\t\t\t<div class=\"elementor-widget-container\">\n\t\t\t\t\t<p class=\"elementor-heading-title elementor-size-default\"><span class=\"clabel\">Author: <\/span>Tor Espen Simonsen<\/p>\t\t\t\t<\/div>\n\t\t\t\t<\/div>\n\t\t\t\t<div class=\"elementor-element elementor-element-52622c7 elementor-widget elementor-widget-heading\" data-id=\"52622c7\" data-element_type=\"widget\" data-e-type=\"widget\" data-widget_type=\"heading.default\">\n\t\t\t\t<div class=\"elementor-widget-container\">\n\t\t\t\t\t<p class=\"elementor-heading-title elementor-size-default\"><span class=\"clabel\">Published: <\/span>14 Nov, 2023<\/p>\t\t\t\t<\/div>\n\t\t\t\t<\/div>\n\t\t\t\t<div class=\"elementor-element elementor-element-71333d8e elementor-hidden-mobile elementor-widget elementor-widget-heading\" data-id=\"71333d8e\" data-element_type=\"widget\" data-e-type=\"widget\" data-widget_type=\"heading.default\">\n\t\t\t\t<div class=\"elementor-widget-container\">\n\t\t\t\t\t<p class=\"elementor-heading-title elementor-size-default\">-<\/p>\t\t\t\t<\/div>\n\t\t\t\t<\/div>\n\t\t\t\t<div class=\"elementor-element elementor-element-3570e7df elementor-widget elementor-widget-heading\" data-id=\"3570e7df\" data-element_type=\"widget\" data-e-type=\"widget\" data-widget_type=\"heading.default\">\n\t\t\t\t<div class=\"elementor-widget-container\">\n\t\t\t\t\t<p class=\"elementor-heading-title elementor-size-default\"><span class=\"clabel\">Updated: <\/span>11 Dec, 2023<\/p>\t\t\t\t<\/div>\n\t\t\t\t<\/div>\n\t\t\t\t\t<\/div>\n\t\t\t\t<\/div>\n\t\t\t\t\t<\/div>\n\t\t\t\t<\/div>\n\t\t\t\t\t<\/div>\n\t\t\t\t<\/div>\n\t\t<div class=\"elementor-element elementor-element-23ffe43 tsection tsection2 e-flex e-con-boxed e-con e-parent\" data-id=\"23ffe43\" data-element_type=\"container\" data-e-type=\"container\">\n\t\t\t\t\t<div class=\"e-con-inner\">\n\t\t<div class=\"elementor-element elementor-element-edca42e e-flex e-con-boxed e-con e-child\" data-id=\"edca42e\" data-element_type=\"container\" data-e-type=\"container\" data-settings=\"{&quot;background_background&quot;:&quot;classic&quot;}\">\n\t\t\t\t\t<div class=\"e-con-inner\">\n\t\t\t\t<div class=\"elementor-element elementor-element-1731ebf1 elementor-widget elementor-widget-heading\" data-id=\"1731ebf1\" data-element_type=\"widget\" data-e-type=\"widget\" data-widget_type=\"heading.default\">\n\t\t\t\t<div class=\"elementor-widget-container\">\n\t\t\t\t\t<h3 class=\"elementor-heading-title elementor-size-default\">Short version of this text<\/h3>\t\t\t\t<\/div>\n\t\t\t\t<\/div>\n\t\t\t\t<div class=\"elementor-element elementor-element-7f30349e elementor-widget elementor-widget-jet-unfold\" data-id=\"7f30349e\" data-element_type=\"widget\" data-e-type=\"widget\" data-settings=\"{&quot;unfold_duration&quot;:{&quot;unit&quot;:&quot;ms&quot;,&quot;size&quot;:300,&quot;sizes&quot;:[]},&quot;mask_height&quot;:{&quot;unit&quot;:&quot;px&quot;,&quot;size&quot;:50,&quot;sizes&quot;:[]},&quot;mask_height_tablet&quot;:{&quot;unit&quot;:&quot;px&quot;,&quot;size&quot;:&quot;&quot;,&quot;sizes&quot;:[]},&quot;mask_height_mobile&quot;:{&quot;unit&quot;:&quot;px&quot;,&quot;size&quot;:&quot;&quot;,&quot;sizes&quot;:[]},&quot;unfold_easing&quot;:&quot;easeOutBack&quot;,&quot;fold_duration&quot;:{&quot;unit&quot;:&quot;ms&quot;,&quot;size&quot;:300,&quot;sizes&quot;:[]},&quot;fold_easing&quot;:&quot;easeOutSine&quot;}\" data-widget_type=\"jet-unfold.default\">\n\t\t\t\t<div class=\"elementor-widget-container\">\n\t\t\t\t\t\t\t<div class=\"jet-unfold\" data-settings=\"{&quot;height&quot;:{&quot;unit&quot;:&quot;px&quot;,&quot;size&quot;:50,&quot;sizes&quot;:[]},&quot;separatorHeight&quot;:{&quot;unit&quot;:&quot;px&quot;,&quot;size&quot;:&quot;&quot;,&quot;sizes&quot;:[]},&quot;unfoldDuration&quot;:{&quot;unit&quot;:&quot;ms&quot;,&quot;size&quot;:300,&quot;sizes&quot;:[]},&quot;foldDuration&quot;:{&quot;unit&quot;:&quot;ms&quot;,&quot;size&quot;:300,&quot;sizes&quot;:[]},&quot;unfoldEasing&quot;:&quot;easeOutBack&quot;,&quot;foldEasing&quot;:&quot;easeOutSine&quot;,&quot;foldScrolling&quot;:&quot;false&quot;,&quot;hideOutsideClick&quot;:&quot;false&quot;,&quot;autoHide&quot;:&quot;false&quot;,&quot;autoHideTime&quot;:&quot;&quot;,&quot;foldScrollOffset&quot;:null}\">\n\t\t\t<div class=\"jet-unfold__inner\">\n\t\t\t\t<div class=\"jet-unfold__mask\">\n\t\t\t\t\t<div class=\"jet-unfold__content\">\n\t\t\t\t\t\t<div class=\"jet-unfold__content-inner elementor-text-editor elementor-clearfix\"><ul><li>Several players have mining rights on the Fen Complex and aim to start mining, but a decision is still in the future.<\/li><li>The companies must prove that they have a mineable deposit, which requires more than just geological documentation.<\/li><li>The licensees (the companies) aim to solve challenges such as sustainability both for the environment, nature and climate. Such as requiring a plan for handling tailings and waste.<\/li><li>At the start of 2024, the licensees are still focusing on documentation, while Nome municipality is clarifying land requirements for mining operations and associated facilities.<\/li><li>The Norwegian government's mineral strategy includes a fast track to reduce case processing time, in line with the prioritization of critical minerals. <\/li><\/ul><\/div>\n\t\t\t\t\t<\/div>\n\t\t\t\t\t<div class=\"jet-unfold__separator\"><\/div>\n\t\t\t\t<\/div>\n\t\t\t\t<div class=\"jet-unfold__trigger\"><div class=\"jet-unfold__button elementor-button elementor-size-md\" href=\"#\" data-unfold-text=\"Les mer\" data-fold-text=\"Se mindre\" data-fold-icon=\"&lt;svg aria-hidden=&quot;true&quot; class=&quot;e-font-icon-svg e-fas-chevron-up&quot; viewBox=&quot;0 0 448 512&quot; xmlns=&quot;http:\/\/www.w3.org\/2000\/svg&quot;&gt;&lt;path d=&quot;M240.971 130.524l194.343 194.343c9.373 9.373 9.373 24.569 0 33.941l-22.667 22.667c-9.357 9.357-24.522 9.375-33.901.04L224 227.495 69.255 381.516c-9.379 9.335-24.544 9.317-33.901-.04l-22.667-22.667c-9.373-9.373-9.373-24.569 0-33.941L207.03 130.525c9.372-9.373 24.568-9.373 33.941-.001z&quot;&gt;&lt;\/path&gt;&lt;\/svg&gt;\" data-unfold-icon=\"&lt;svg aria-hidden=&quot;true&quot; class=&quot;e-font-icon-svg e-fas-chevron-down&quot; viewBox=&quot;0 0 448 512&quot; xmlns=&quot;http:\/\/www.w3.org\/2000\/svg&quot;&gt;&lt;path d=&quot;M207.029 381.476L12.686 187.132c-9.373-9.373-9.373-24.569 0-33.941l22.667-22.667c9.357-9.357 24.522-9.375 33.901-.04L224 284.505l154.745-154.021c9.379-9.335 24.544-9.317 33.901.04l22.667 22.667c9.373 9.373 9.373 24.569 0 33.941L240.971 381.476c-9.373 9.372-24.569 9.372-33.942 0z&quot;&gt;&lt;\/path&gt;&lt;\/svg&gt;\" tabindex=\"0\" role=\"button\"><span class=\"jet-unfold__button-icon jet-tricks-icon\"><svg aria-hidden=\"true\" class=\"e-font-icon-svg e-fas-chevron-down\" viewbox=\"0 0 448 512\" xmlns=\"http:\/\/www.w3.org\/2000\/svg\"><path d=\"M207.029 381.476L12.686 187.132c-9.373-9.373-9.373-24.569 0-33.941l22.667-22.667c9.357-9.357 24.522-9.375 33.901-.04L224 284.505l154.745-154.021c9.379-9.335 24.544-9.317 33.901.04l22.667 22.667c9.373 9.373 9.373 24.569 0 33.941L240.971 381.476c-9.373 9.372-24.569 9.372-33.942 0z\"><\/path><\/svg><\/span><span class=\"jet-unfold__button-text\">Read more:<\/span><\/div>\t\t\t\t<\/div>\n\t\t\t<\/div>\n\t\t<\/div>\n\t\t\t\t\t\t<\/div>\n\t\t\t\t<\/div>\n\t\t\t\t\t<\/div>\n\t\t\t\t<\/div>\n\t\t\t\t\t<\/div>\n\t\t\t\t<\/div>\n\t\t<div class=\"elementor-element elementor-element-68dedbb tsection tsection3 e-flex e-con-boxed e-con e-parent\" data-id=\"68dedbb\" data-element_type=\"container\" data-e-type=\"container\">\n\t\t\t\t\t<div class=\"e-con-inner\">\n\t\t\t\t<div class=\"elementor-element elementor-element-41ff2738 elementor-widget elementor-widget-text-editor\" data-id=\"41ff2738\" data-element_type=\"widget\" data-e-type=\"widget\" data-widget_type=\"text-editor.default\">\n\t\t\t\t<div class=\"elementor-widget-container\">\n\t\t\t\t\t\t\t\t\t<p>Even if the companies have such an objective, a decision on start-up is relatively far in the future.\u00a0<\/p><p>First and foremost, the companies must document that they have a viable deposit of REE. Such documentation deals with much more than purely geological conditions.<\/p><p>There is little doubt that\u00a0<a href=\"https:\/\/fensfeltet.no\/en\/forekomsten-i-fensfeltet\/\">the Fen complex contains large quantities of critical minerals<\/a>. However, viability is also about profitability, environmental impact, technology and access to necessary infrastructure such as transport, power, ports and markets.\u00a0<\/p><p><span style=\"text-align: var(--text-align); background-color: var( --e-global-color-123ab59 );\">All such conditions must be documented in the same way as the geological assumptions. Geology, economics, technology and infrastructure are of course also closely linked:\u00a0<\/span><\/p><p>Are there techniques that make it possible to extract rare earths in a CO2-neutral way and at the same time reduce negative impacts on nature?\u00a0<\/p><p>All of this is an issue that the stakeholders are working on and need to clarify. Not least, they must have a plan for handling surplus materials (<span class='tooltipsall tooltipsincontent classtoolTips23'><a href='https:\/\/fensfeltet.no\/en\/glossary\/avgang\/' target='_blank'>tailings*<\/a><\/span>), any waste substances and handling of thorium.\u00a0\u00a0<\/p><p><span style=\"font-weight: bolder;\">Read more about:<\/span><\/p><p><a href=\"https:\/\/fensfeltet.no\/en\/forekomsten-i-fensfeltet\/\">The deposit of rare earth elements in the Fen Complex\u00a0<\/a><\/p><p><a href=\"https:\/\/fensfeltet.no\/en\/slik-kan-fremtidig-gruvedrift-se-ut\/\">This is how mining on the  Fen Complex can be carried out\u00a0<\/a><\/p>\t\t\t\t\t\t\t\t<\/div>\n\t\t\t\t<\/div>\n\t\t\t\t\t<\/div>\n\t\t\t\t<\/div>\n\t\t<div class=\"elementor-element elementor-element-26d924cb tsection tsection3 e-flex e-con-boxed e-con e-parent\" data-id=\"26d924cb\" data-element_type=\"container\" data-e-type=\"container\">\n\t\t\t\t\t<div class=\"e-con-inner\">\n\t\t\t\t<div class=\"elementor-element elementor-element-1aa929e2 elementor-widget elementor-widget-heading\" data-id=\"1aa929e2\" data-element_type=\"widget\" data-e-type=\"widget\" data-widget_type=\"heading.default\">\n\t\t\t\t<div class=\"elementor-widget-container\">\n\t\t\t\t\t<h2 class=\"elementor-heading-title elementor-size-default\">Milestones towards a decision <\/h2>\t\t\t\t<\/div>\n\t\t\t\t<\/div>\n\t\t\t\t<div class=\"elementor-element elementor-element-7b1b74e2 elementor-widget elementor-widget-text-editor\" data-id=\"7b1b74e2\" data-element_type=\"widget\" data-e-type=\"widget\" data-widget_type=\"text-editor.default\">\n\t\t\t\t<div class=\"elementor-widget-container\">\n\t\t\t\t\t\t\t\t\t<p>At the start of 2024, the stakeholders in the Fen Complex are still working on documentation, i.e. mapping, surveys and analyses.&nbsp;<\/p>\n<p>At the same time, Nome municipality is working to clarify land requirements and the location of <span class='tooltipsall tooltipsincontent classtoolTips13'><a href='https:\/\/fensfeltet.no\/en\/glossary\/gruveinnslag\/' target='_blank'>the mine entrances<\/a><\/span> and associated processing facilities and other industry.&nbsp;<\/p>\n<p><span style=\"font-size: var( --e-global-typography-a7edb78-font-size ); font-style: var( --e-global-typography-a7edb78-font-style ); font-weight: var( --e-global-typography-a7edb78-font-weight ); letter-spacing: var( --e-global-typography-a7edb78-letter-spacing ); word-spacing: var( --e-global-typography-a7edb78-word-spacing ); text-align: var(--text-align); background-color: var( --e-global-color-123ab59 );\">In parallel with all these processes, approvals, impact assessments and political considerations  are required.&nbsp;<\/span><br><\/p>\n<p><strong>In the model below, we see what the processes are like and how many years the various steps will take:&nbsp;<\/strong><\/p>\n<p><img decoding=\"async\" class=\"alignnone wp-image-2558 size-full\" src=\"https:\/\/fensfeltet.no\/wp-content\/uploads\/2023\/12\/Fra-undersokelse-til-produksjon-e1702213805645.jpg\" alt=\"Grafisk fremstilling av godkjenningsprosessene frem til driftskonsesjon. \" width=\"1611\" height=\"281\" srcset=\"https:\/\/fensfeltet.no\/wp-content\/uploads\/2023\/12\/Fra-undersokelse-til-produksjon-e1702213805645.jpg 1611w, https:\/\/fensfeltet.no\/wp-content\/uploads\/2023\/12\/Fra-undersokelse-til-produksjon-e1702213805645-300x52.jpg 300w, https:\/\/fensfeltet.no\/wp-content\/uploads\/2023\/12\/Fra-undersokelse-til-produksjon-e1702213805645-1024x179.jpg 1024w, https:\/\/fensfeltet.no\/wp-content\/uploads\/2023\/12\/Fra-undersokelse-til-produksjon-e1702213805645-768x134.jpg 768w, https:\/\/fensfeltet.no\/wp-content\/uploads\/2023\/12\/Fra-undersokelse-til-produksjon-e1702213805645-1536x268.jpg 1536w\" sizes=\"(max-width: 1611px) 100vw, 1611px\" \/><\/p>\n<p>The red circle (area clarification) is where the process on the Fen Complex stands today. As we can see, the road to an operating license will take many years. In Norway, this has normally taken 10 to 15 years.&nbsp;<\/p>\n<p>In the government's mineral strategy, however, a fast track has been announced which will shorten the processing time for those applying for an operating licence. This is connected to the fact that critical minerals are given priority in the strategy. A similar strategy has also been launched in the EU, where the aim is to have new European production of rare earths in place by 2030.<\/p>\n<p>The fast track is to be developed by the Directorate for Mineral Management (DMF) establishing a national coordination of projects for critical minerals, based on voluntary participation from municipalities and project developers.<\/p>\n<p>The details of what the fast track will look like are not clear in autumn 2023.&nbsp;<\/p>\n<p><strong>Read more about:&nbsp;<\/strong><\/p>\n<p><a href=\"https:\/\/fensfeltet.no\/en\/fensdagene\/\">The Fen days - a meeting place for everyone&nbsp;<\/a><\/p>\n<p><a href=\"https:\/\/fensfeltet.no\/en\/rapporter-og-publikasjoner\/\">Overview of important documents such as Norway's mineral strategy and Nome municipality's strategy for the Fens field.&nbsp;<\/a><\/p>\t\t\t\t\t\t\t\t<\/div>\n\t\t\t\t<\/div>\n\t\t\t\t<div class=\"elementor-element elementor-element-de3b3c8 elementor-widget elementor-widget-button\" data-id=\"de3b3c8\" data-element_type=\"widget\" data-e-type=\"widget\" data-widget_type=\"button.default\">\n\t\t\t\t<div class=\"elementor-widget-container\">\n\t\t\t\t\t\t\t\t\t<div class=\"elementor-button-wrapper\">\n\t\t\t\t\t<a class=\"elementor-button elementor-button-link elementor-size-sm\" href=\"#\">\n\t\t\t\t\t\t<span class=\"elementor-button-content-wrapper\">\n\t\t\t\t\t\t<span class=\"elementor-button-icon\">\n\t\t\t\t<svg aria-hidden=\"true\" class=\"e-font-icon-svg e-far-arrow-alt-circle-up\" viewbox=\"0 0 512 512\" xmlns=\"http:\/\/www.w3.org\/2000\/svg\"><path d=\"M256 504c137 0 248-111 248-248S393 8 256 8 8 119 8 256s111 248 248 248zm0-448c110.5 0 200 89.5 200 200s-89.5 200-200 200S56 366.5 56 256 145.5 56 256 56zm20 328h-40c-6.6 0-12-5.4-12-12V256h-67c-10.7 0-16-12.9-8.5-20.5l99-99c4.7-4.7 12.3-4.7 17 0l99 99c7.6 7.6 2.2 20.5-8.5 20.5h-67v116c0 6.6-5.4 12-12 12z\"><\/path><\/svg>\t\t\t<\/span>\n\t\t\t\t\t\t\t\t\t<span class=\"elementor-button-text\">To the top<\/span>\n\t\t\t\t\t<\/span>\n\t\t\t\t\t<\/a>\n\t\t\t\t<\/div>\n\t\t\t\t\t\t\t\t<\/div>\n\t\t\t\t<\/div>\n\t\t\t\t\t<\/div>\n\t\t\t\t<\/div>\n\t\t\t\t<\/div>\n\t\t<script type=\"text\/javascript\"> toolTips('.classtoolTips6','Med bergrettigheter menes unders\u00f8kelsesrett og utvinningsrett, som reguleres av mineralloven (<a href=\"https:\/\/www.dirmin.no\/bergrettigheter\" target=\"_blank\" rel=\"noopener\">DMF<\/a>)'); <\/script><script type=\"text\/javascript\"> toolTips('.classtoolTips13','Inngangen til den underjordiske gruva.'); <\/script><script type=\"text\/javascript\"> toolTips('.classtoolTips23','Avgangsmasser er rest- eller deponimasser i forbindelse med gruvedrift.'); <\/script>","protected":false},"excerpt":{"rendered":"<p>Fen og Fensfeltet sett fra Holla kirkeruin. Milep\u00e6ler: Veien fra unders\u00f8kelser til produksjon Flere n\u00e6ringsakt\u00f8rer har i dag bergrettigheter* p\u00e5 Fensfeltet. Det betyr at de jobber frem mot et m\u00e5l om \u00e5 starte opp gruvedrift.\u00a0 \u00a0 &#8211; Kortversjon av denne teksten Flere akt\u00f8rer har bergrettigheter p\u00e5 Fensfeltet og sikter mot \u00e5 starte gruvedrift, men en [&hellip;]<\/p>\n","protected":false},"author":3,"featured_media":0,"parent":0,"menu_order":0,"comment_status":"closed","ping_status":"closed","template":"","meta":{"_monsterinsights_skip_tracking":false,"_monsterinsights_sitenote_active":false,"_monsterinsights_sitenote_note":"","_monsterinsights_sitenote_category":0,"footnotes":""},"class_list":["post-627","page","type-page","status-publish","hentry"],"_links":{"self":[{"href":"https:\/\/fensfeltet.no\/en\/wp-json\/wp\/v2\/pages\/627","targetHints":{"allow":["GET"]}}],"collection":[{"href":"https:\/\/fensfeltet.no\/en\/wp-json\/wp\/v2\/pages"}],"about":[{"href":"https:\/\/fensfeltet.no\/en\/wp-json\/wp\/v2\/types\/page"}],"author":[{"embeddable":true,"href":"https:\/\/fensfeltet.no\/en\/wp-json\/wp\/v2\/users\/3"}],"replies":[{"embeddable":true,"href":"https:\/\/fensfeltet.no\/en\/wp-json\/wp\/v2\/comments?post=627"}],"version-history":[{"count":56,"href":"https:\/\/fensfeltet.no\/en\/wp-json\/wp\/v2\/pages\/627\/revisions"}],"predecessor-version":[{"id":3065,"href":"https:\/\/fensfeltet.no\/en\/wp-json\/wp\/v2\/pages\/627\/revisions\/3065"}],"wp:attachment":[{"href":"https:\/\/fensfeltet.no\/en\/wp-json\/wp\/v2\/media?parent=627"}],"curies":[{"name":"wp","href":"https:\/\/api.w.org\/{rel}","templated":true}]}}