{"id":629,"date":"2023-11-14T10:31:10","date_gmt":"2023-11-14T10:31:10","guid":{"rendered":"https:\/\/fensfeltet.no\/?page_id=629"},"modified":"2025-04-07T09:23:01","modified_gmt":"2025-04-07T09:23:01","slug":"fensdagene","status":"publish","type":"page","link":"https:\/\/fensfeltet.no\/en\/fensdagene\/","title":{"rendered":"The Fen days - a meeting place for everyone"},"content":{"rendered":"<div data-elementor-type=\"wp-page\" data-elementor-id=\"629\" class=\"elementor elementor-629\" data-elementor-post-type=\"page\">\n\t\t\t\t<div class=\"elementor-element elementor-element-6a9a833 tsection tsection1 e-con-full e-flex e-con e-parent\" data-id=\"6a9a833\" data-element_type=\"container\" data-e-type=\"container\">\n\t\t<div class=\"elementor-element elementor-element-7a9f4ccd e-flex e-con-boxed e-con e-child\" data-id=\"7a9f4ccd\" data-element_type=\"container\" data-e-type=\"container\">\n\t\t\t\t\t<div class=\"e-con-inner\">\n\t\t\t\t<div class=\"elementor-element elementor-element-64fbdf55 elementor-absolute elementor-widget elementor-widget-heading\" data-id=\"64fbdf55\" data-element_type=\"widget\" data-e-type=\"widget\" data-settings=\"{&quot;_position&quot;:&quot;absolute&quot;}\" data-widget_type=\"heading.default\">\n\t\t\t\t<div class=\"elementor-widget-container\">\n\t\t\t\t\t<span class=\"elementor-heading-title elementor-size-default\">The Fen days - a meeting place for everyone<\/span>\t\t\t\t<\/div>\n\t\t\t\t<\/div>\n\t\t\t\t\t<\/div>\n\t\t\t\t<\/div>\n\t\t\t\t<div class=\"elementor-element elementor-element-48750048 elementor-widget elementor-widget-image\" data-id=\"48750048\" data-element_type=\"widget\" data-e-type=\"widget\" data-widget_type=\"image.default\">\n\t\t\t\t<div class=\"elementor-widget-container\">\n\t\t\t\t\t\t\t\t\t\t\t\t<figure class=\"wp-caption\">\n\t\t\t\t\t\t\t\t\t\t<img fetchpriority=\"high\" decoding=\"async\" width=\"2560\" height=\"1707\" src=\"https:\/\/fensfeltet.no\/wp-content\/uploads\/2023\/11\/Fensfeltet-sett-fra-Hollahogden-Tufte-12-scaled.jpg\" class=\"attachment-full size-full wp-image-761\" alt=\"Fen og Fensfeltet sett fra Holla kirkeruin.\" srcset=\"https:\/\/fensfeltet.no\/wp-content\/uploads\/2023\/11\/Fensfeltet-sett-fra-Hollahogden-Tufte-12-scaled.jpg 2560w, https:\/\/fensfeltet.no\/wp-content\/uploads\/2023\/11\/Fensfeltet-sett-fra-Hollahogden-Tufte-12-300x200.jpg 300w, https:\/\/fensfeltet.no\/wp-content\/uploads\/2023\/11\/Fensfeltet-sett-fra-Hollahogden-Tufte-12-1024x683.jpg 1024w, https:\/\/fensfeltet.no\/wp-content\/uploads\/2023\/11\/Fensfeltet-sett-fra-Hollahogden-Tufte-12-768x512.jpg 768w, https:\/\/fensfeltet.no\/wp-content\/uploads\/2023\/11\/Fensfeltet-sett-fra-Hollahogden-Tufte-12-1536x1024.jpg 1536w, https:\/\/fensfeltet.no\/wp-content\/uploads\/2023\/11\/Fensfeltet-sett-fra-Hollahogden-Tufte-12-2048x1365.jpg 2048w\" sizes=\"(max-width: 2560px) 100vw, 2560px\" \/>\t\t\t\t\t\t\t\t\t\t\t<figcaption class=\"widget-image-caption wp-caption-text\">Fen seen from the Holla church ruin.  <\/figcaption>\n\t\t\t\t\t\t\t\t\t\t<\/figure>\n\t\t\t\t\t\t\t\t\t<\/div>\n\t\t\t\t<\/div>\n\t\t<div class=\"elementor-element elementor-element-39fba3ab e-flex e-con-boxed e-con e-child\" data-id=\"39fba3ab\" data-element_type=\"container\" data-e-type=\"container\">\n\t\t\t\t\t<div class=\"e-con-inner\">\n\t\t\t\t<div class=\"elementor-element elementor-element-6d6a6957 elementor-widget elementor-widget-heading\" data-id=\"6d6a6957\" data-element_type=\"widget\" data-e-type=\"widget\" data-widget_type=\"heading.default\">\n\t\t\t\t<div class=\"elementor-widget-container\">\n\t\t\t\t\t<h1 class=\"elementor-heading-title elementor-size-default\">Fensdagene 2025 - M\u00f8teplassen for malm og muligheter<\/h1>\t\t\t\t<\/div>\n\t\t\t\t<\/div>\n\t\t\t\t<div class=\"elementor-element elementor-element-3b10e6a6 elementor-widget elementor-widget-text-editor\" data-id=\"3b10e6a6\" data-element_type=\"widget\" data-e-type=\"widget\" data-widget_type=\"text-editor.default\">\n\t\t\t\t<div class=\"elementor-widget-container\">\n\t\t\t\t\t\t\t\t\t<p><strong>Nome kommune med samarbeidspartnere \u00f8nsker velkommen til Fensdagene 2025\u00a0<\/strong><\/p><p><strong>Onsdag 23. april &#8211; fredag 25.april,\u00a0<\/strong><strong style=\"font-size: var( --e-global-typography-85ec498-font-size ); text-align: var(--text-align); background-color: var( --e-global-color-123ab59 );\">Ulefoss i Nome<\/strong><\/p>\t\t\t\t\t\t\t\t<\/div>\n\t\t\t\t<\/div>\n\t\t<div class=\"elementor-element elementor-element-640b4f96 e-flex e-con-boxed e-con e-child\" data-id=\"640b4f96\" data-element_type=\"container\" data-e-type=\"container\">\n\t\t\t\t\t<div class=\"e-con-inner\">\n\t\t\t\t<div class=\"elementor-element elementor-element-2f1ee296 elementor-widget elementor-widget-heading\" data-id=\"2f1ee296\" data-element_type=\"widget\" data-e-type=\"widget\" data-widget_type=\"heading.default\">\n\t\t\t\t<div class=\"elementor-widget-container\">\n\t\t\t\t\t<p class=\"elementor-heading-title elementor-size-default\"><span class=\"clabel\">Author: <\/span>P\u00e5l Kleffelg\u00e5rd<\/p>\t\t\t\t<\/div>\n\t\t\t\t<\/div>\n\t\t\t\t<div class=\"elementor-element elementor-element-a0f8b35 elementor-widget elementor-widget-heading\" data-id=\"a0f8b35\" data-element_type=\"widget\" data-e-type=\"widget\" data-widget_type=\"heading.default\">\n\t\t\t\t<div class=\"elementor-widget-container\">\n\t\t\t\t\t<p class=\"elementor-heading-title elementor-size-default\"><span class=\"clabel\">Published: <\/span>14 Nov, 2023<\/p>\t\t\t\t<\/div>\n\t\t\t\t<\/div>\n\t\t\t\t<div class=\"elementor-element elementor-element-6f8ae0e8 elementor-hidden-mobile elementor-widget elementor-widget-heading\" data-id=\"6f8ae0e8\" data-element_type=\"widget\" data-e-type=\"widget\" data-widget_type=\"heading.default\">\n\t\t\t\t<div class=\"elementor-widget-container\">\n\t\t\t\t\t<p class=\"elementor-heading-title elementor-size-default\">-<\/p>\t\t\t\t<\/div>\n\t\t\t\t<\/div>\n\t\t\t\t<div class=\"elementor-element elementor-element-3bc2d2e3 elementor-widget elementor-widget-heading\" data-id=\"3bc2d2e3\" data-element_type=\"widget\" data-e-type=\"widget\" data-widget_type=\"heading.default\">\n\t\t\t\t<div class=\"elementor-widget-container\">\n\t\t\t\t\t<p class=\"elementor-heading-title elementor-size-default\"><span class=\"clabel\">Updated: <\/span>07 Apr, 2025<\/p>\t\t\t\t<\/div>\n\t\t\t\t<\/div>\n\t\t\t\t\t<\/div>\n\t\t\t\t<\/div>\n\t\t\t\t\t<\/div>\n\t\t\t\t<\/div>\n\t\t\t\t<\/div>\n\t\t<div class=\"elementor-element elementor-element-2a515a1 tsection tsection4 e-flex e-con-boxed e-con e-parent\" data-id=\"2a515a1\" data-element_type=\"container\" data-e-type=\"container\">\n\t\t\t\t\t<div class=\"e-con-inner\">\n\t\t<div class=\"elementor-element elementor-element-4baf5f7e e-flex e-con-boxed e-con e-child\" data-id=\"4baf5f7e\" data-element_type=\"container\" data-e-type=\"container\">\n\t\t\t\t\t<div class=\"e-con-inner\">\n\t\t\t\t<div class=\"elementor-element elementor-element-1b0b0ff8 elementor-widget elementor-widget-heading\" data-id=\"1b0b0ff8\" data-element_type=\"widget\" data-e-type=\"widget\" data-widget_type=\"heading.default\">\n\t\t\t\t<div class=\"elementor-widget-container\">\n\t\t\t\t\t<h3 class=\"elementor-heading-title elementor-size-default\">Program Fensdagene 2025<\/h3>\t\t\t\t<\/div>\n\t\t\t\t<\/div>\n\t\t\t\t<div class=\"elementor-element elementor-element-5029acc4 elementor-widget elementor-widget-text-editor\" data-id=\"5029acc4\" data-element_type=\"widget\" data-e-type=\"widget\" data-widget_type=\"text-editor.default\">\n\t\t\t\t<div class=\"elementor-widget-container\">\n\t\t\t\t\t\t\t\t\t<p>Programmet for Fensdagene 2025 er klart. P\u00e5 Fensdagene samles offentlige myndigheter, privat n\u00e6ringsliv, lag og foreninger og innbyggerne til viktige samtaler og informasjonsutveksling om Fensfeltets muligheter og konsekvenser.<\/p><p>Se hele programmet her: <a href=\"https:\/\/event.trippus.net\/Home\/Index\/AEAKgIMEZw3V2zm3P1kixiyriAK8G2sZoesO4_QklncvYblTwHLF3MkE0jfRjWOROQf_Lh6K3AP4\/AEAKgIOze_2hvF742-UQpW5pz-qoGucPLO0tU5sY1TMtRDRrEmTr0UXzGw-Xggo9VswaKgX3jdGN\/no#page_101406\" target=\"_blank\" rel=\"noopener\">Programmet for Fensdagene 2025<\/a>\u00a0\u00a0<\/p><p><a href=\"https:\/\/www.nome.kommune.no\/_f\/p9\/id9908a1d-6537-4610-ac31-6bdcd008da6e\/program-fensdagene-2025.pdf\" target=\"_blank\" rel=\"noopener\">Programmet som PDF<\/a><\/p>\t\t\t\t\t\t\t\t<\/div>\n\t\t\t\t<\/div>\n\t\t\t\t\t<\/div>\n\t\t\t\t<\/div>\n\t\t\t\t\t<\/div>\n\t\t\t\t<\/div>\n\t\t<div class=\"elementor-element elementor-element-56af92a9 tsection tsection3 e-flex e-con-boxed e-con e-parent\" data-id=\"56af92a9\" data-element_type=\"container\" data-e-type=\"container\">\n\t\t\t\t\t<div class=\"e-con-inner\">\n\t\t\t\t<div class=\"elementor-element elementor-element-d5697b0 elementor-cta--layout-image-left elementor-cta--skin-classic elementor-animated-content elementor-widget elementor-widget-call-to-action\" data-id=\"d5697b0\" data-element_type=\"widget\" data-e-type=\"widget\" data-widget_type=\"call-to-action.default\">\n\t\t\t\t<div class=\"elementor-widget-container\">\n\t\t\t\t\t\t\t<div class=\"elementor-cta\">\n\t\t\t\t\t<div class=\"elementor-cta__bg-wrapper\">\n\t\t\t\t<div class=\"elementor-cta__bg elementor-bg\" style=\"background-image: url(https:\/\/fensfeltet.no\/wp-content\/uploads\/2025\/03\/fensdagene-2025.png);\" role=\"img\" aria-label=\"fensdagene 2025\"><\/div>\n\t\t\t\t<div class=\"elementor-cta__bg-overlay\"><\/div>\n\t\t\t<\/div>\n\t\t\t\t\t\t\t<div class=\"elementor-cta__content\">\n\t\t\t\t\n\t\t\t\t\t\t\t\t\t<h2 class=\"elementor-cta__title elementor-cta__content-item elementor-content-item\">\n\t\t\t\t\t\tP\u00e5melding\t\t\t\t\t<\/h2>\n\t\t\t\t\n\t\t\t\t\t\t\t\t\t<div class=\"elementor-cta__description elementor-cta__content-item elementor-content-item\">\n\t\t\t\t\t\tDet er et begrenset antall plasser, s\u00e5 meld deg p\u00e5 n\u00e5!\t\t\t\t\t<\/div>\n\t\t\t\t\n\t\t\t\t\t\t\t\t\t<div class=\"elementor-cta__button-wrapper elementor-cta__content-item elementor-content-item\">\n\t\t\t\t\t<a class=\"elementor-cta__button elementor-button elementor-size-\" href=\"https:\/\/event.trippus.net\/Home\/Index\/AEAKgIMEZw3V2zm3P1kixiyriAK8G2sZoesO4_QklncvYblTwHLF3MkE0jfRjWOROQf_Lh6K3AP4\/AEAKgIOze_2hvF742-UQpW5pz-qoGucPLO0tU5sY1TMtRDRrEmTr0UXzGw-Xggo9VswaKgX3jdGN\/no#page_101406\" target=\"_blank\" rel=\"noopener\">\n\t\t\t\t\t\tTrykk her\t\t\t\t\t<\/a>\n\t\t\t\t\t<\/div>\n\t\t\t\t\t\t\t<\/div>\n\t\t\t\t\t\t<\/div>\n\t\t\t\t\t\t<\/div>\n\t\t\t\t<\/div>\n\t\t\t\t<div class=\"elementor-element elementor-element-0b219e7 elementor-widget elementor-widget-text-editor\" data-id=\"0b219e7\" data-element_type=\"widget\" data-e-type=\"widget\" data-widget_type=\"text-editor.default\">\n\t\t\t\t<div class=\"elementor-widget-container\">\n\t\t\t\t\t\t\t\t\t<h3 class=\"MsoNormal\">What is the Fen Complex?<\/h3><ul><li class=\"MsoNormal\">Fensfeltet er Europas st\u00f8rste forekomst av sjeldne jordarter (REE).<\/li><li class=\"MsoNormal\">REE er regnet som b\u00e5de kritiske og strategiske i alle deler av verden. Derfor har Norges Regjering pekt ut Fensfeltet som et viktig satsingsomr\u00e5de.<\/li><li class=\"MsoNormal\">Nome kommune skal bestemme seg for om kommunen skal \u00e5pne for gruvedrift. Det skjer i l\u00f8pet av \u00e5ret.<\/li><li class=\"MsoNormal\">Les mer om Fensfeltet <a href=\"https:\/\/fensfeltet.no\/en\/om-fensfeltet2\/\">her<\/a><\/li><\/ul>\t\t\t\t\t\t\t\t<\/div>\n\t\t\t\t<\/div>\n\t\t<div class=\"elementor-element elementor-element-81d1f3d e-con-full e-flex e-con e-child\" data-id=\"81d1f3d\" data-element_type=\"container\" data-e-type=\"container\">\n\t\t\t\t<div class=\"elementor-element elementor-element-92e86b5 elementor-widget elementor-widget-text-editor\" data-id=\"92e86b5\" data-element_type=\"widget\" data-e-type=\"widget\" data-widget_type=\"text-editor.default\">\n\t\t\t\t<div class=\"elementor-widget-container\">\n\t\t\t\t\t\t\t\t\t<h3>Hva skjer p\u00e5 Fensfeltet?<\/h3><ul><li><a href=\"https:\/\/www.nome.kommune.no\/tjenester\/fensfeltet-2\/\" target=\"_blank\" rel=\"noopener\">Hva som skjer p\u00e5 Fensfeltet p\u00e5 Nome kommunes temaside om Fensfeltet<\/a>. Her legger vi ogs\u00e5 ut nyheter om Fensdagene.<\/li><li>Du kan h\u00f8re podkastene <a href=\"https:\/\/open.spotify.com\/show\/1s8lr1nPihSPKwimEqz10U\" target=\"_blank\" rel=\"noopener\">\u00abFensfeltet under overflaten\u00bb<\/a> p\u00e5 Spotify eller\u00a0<a href=\"https:\/\/www.youtube.com\/@nomekommune5200\" target=\"_blank\" rel=\"noopener\">se dem p\u00e5 Nome kommunes Youtubekanal<\/a>. Her finner du ogs\u00e5 opptak fra tidligere Fensdager.<\/li><li>For \u00e5 f\u00f8lge nyheter p\u00e5 Fensfeltet kan du se p\u00e5\u00a0<a href=\"https:\/\/www.nrk.no\/emne\/fensfeltet-1.16407338\" target=\"_blank\" rel=\"noopener\">NRKs temaside om Fensfeltet<\/a>.<\/li><\/ul>\t\t\t\t\t\t\t\t<\/div>\n\t\t\t\t<\/div>\n\t\t\t\t<\/div>\n\t\t<div class=\"elementor-element elementor-element-2fef599 e-con-full e-flex e-con e-child\" data-id=\"2fef599\" data-element_type=\"container\" data-e-type=\"container\">\n\t\t\t\t<div class=\"elementor-element elementor-element-562438d elementor-widget elementor-widget-heading\" data-id=\"562438d\" data-element_type=\"widget\" data-e-type=\"widget\" data-widget_type=\"heading.default\">\n\t\t\t\t<div class=\"elementor-widget-container\">\n\t\t\t\t\t<h3 class=\"elementor-heading-title elementor-size-default\">Samarbeidspartnere<\/h3>\t\t\t\t<\/div>\n\t\t\t\t<\/div>\n\t\t\t\t<div class=\"elementor-element elementor-element-5be20ea elementor-widget elementor-widget-image\" data-id=\"5be20ea\" data-element_type=\"widget\" data-e-type=\"widget\" data-widget_type=\"image.default\">\n\t\t\t\t<div class=\"elementor-widget-container\">\n\t\t\t\t\t\t\t\t\t\t\t\t\t\t\t<img decoding=\"async\" width=\"800\" height=\"275\" src=\"https:\/\/fensfeltet.no\/wp-content\/uploads\/2025\/03\/samarbeidspartnere-fensdagene-25-1024x352.png\" class=\"attachment-large size-large wp-image-3449\" alt=\"\" srcset=\"https:\/\/fensfeltet.no\/wp-content\/uploads\/2025\/03\/samarbeidspartnere-fensdagene-25-1024x352.png 1024w, https:\/\/fensfeltet.no\/wp-content\/uploads\/2025\/03\/samarbeidspartnere-fensdagene-25-300x103.png 300w, https:\/\/fensfeltet.no\/wp-content\/uploads\/2025\/03\/samarbeidspartnere-fensdagene-25-768x264.png 768w, https:\/\/fensfeltet.no\/wp-content\/uploads\/2025\/03\/samarbeidspartnere-fensdagene-25-18x6.png 18w, https:\/\/fensfeltet.no\/wp-content\/uploads\/2025\/03\/samarbeidspartnere-fensdagene-25.png 1303w\" sizes=\"(max-width: 800px) 100vw, 800px\" \/>\t\t\t\t\t\t\t\t\t\t\t\t\t\t\t<\/div>\n\t\t\t\t<\/div>\n\t\t\t\t<div class=\"elementor-element elementor-element-a75356b elementor-widget-divider--view-line elementor-widget elementor-widget-divider\" data-id=\"a75356b\" data-element_type=\"widget\" data-e-type=\"widget\" data-widget_type=\"divider.default\">\n\t\t\t\t<div class=\"elementor-widget-container\">\n\t\t\t\t\t\t\t<div class=\"elementor-divider\">\n\t\t\t<span class=\"elementor-divider-separator\">\n\t\t\t\t\t\t<\/span>\n\t\t<\/div>\n\t\t\t\t\t\t<\/div>\n\t\t\t\t<\/div>\n\t\t<div class=\"elementor-element elementor-element-319e5d8 e-con-full e-flex e-con e-child\" data-id=\"319e5d8\" data-element_type=\"container\" data-e-type=\"container\">\n\t\t\t\t<div class=\"elementor-element elementor-element-332733d elementor-widget elementor-widget-heading\" data-id=\"332733d\" data-element_type=\"widget\" data-e-type=\"widget\" data-widget_type=\"heading.default\">\n\t\t\t\t<div class=\"elementor-widget-container\">\n\t\t\t\t\t<h3 class=\"elementor-heading-title elementor-size-default\">Tidligere Fensdagene<\/h3>\t\t\t\t<\/div>\n\t\t\t\t<\/div>\n\t\t\t\t<\/div>\n\t\t\t\t<\/div>\n\t\t\t\t<div class=\"elementor-element elementor-element-20772976 elementor-widget elementor-widget-text-editor\" data-id=\"20772976\" data-element_type=\"widget\" data-e-type=\"widget\" data-widget_type=\"text-editor.default\">\n\t\t\t\t<div class=\"elementor-widget-container\">\n\t\t\t\t\t\t\t\t\t<p><span style=\"font-size: var( --e-global-typography-a7edb78-font-size ); font-style: var( --e-global-typography-a7edb78-font-style ); font-weight: var( --e-global-typography-a7edb78-font-weight ); letter-spacing: var( --e-global-typography-a7edb78-letter-spacing ); word-spacing: var( --e-global-typography-a7edb78-word-spacing ); text-align: var(--text-align); background-color: var( --e-global-color-123ab59 );\">On <\/span><span style=\"font-size: var( --e-global-typography-a7edb78-font-size ); font-style: var( --e-global-typography-a7edb78-font-style ); font-weight: var( --e-global-typography-a7edb78-font-weight ); letter-spacing: var( --e-global-typography-a7edb78-letter-spacing ); word-spacing: var( --e-global-typography-a7edb78-word-spacing ); text-align: var(--text-align); background-color: var( --e-global-color-123ab59 ); text-decoration-line: underline;\"><strong><a href=\"https:\/\/www.youtube.com\/@nomekommune5200\/videos\" target=\"_blank\" rel=\"noopener\">Nome municipality's YouTube channel<\/a> <\/strong><\/span><span style=\"font-size: var( --e-global-typography-a7edb78-font-size ); font-style: var( --e-global-typography-a7edb78-font-style ); font-weight: var( --e-global-typography-a7edb78-font-weight ); letter-spacing: var( --e-global-typography-a7edb78-letter-spacing ); word-spacing: var( --e-global-typography-a7edb78-word-spacing ); text-align: var(--text-align); background-color: var( --e-global-color-123ab59 );\">you can watch recordings of all the presentations from previous Fen Days.\"<\/span><\/p><p>Below, you can watch the Geological Advisor geologist's lecture from the Fen Days 2023.<\/p><p>Sven Dahlgren discusses rare earth elements, the role of the Fen Complex in the mineral industry, and what it takes to initiate mining at Fen.\u00a0<\/p>\t\t\t\t\t\t\t\t<\/div>\n\t\t\t\t<\/div>\n\t\t<div class=\"elementor-element elementor-element-2937902 e-con-full e-flex e-con e-child\" data-id=\"2937902\" data-element_type=\"container\" data-e-type=\"container\">\n\t\t\t\t<div class=\"elementor-element elementor-element-baa7dd5 elementor-widget elementor-widget-video\" data-id=\"baa7dd5\" data-element_type=\"widget\" data-e-type=\"widget\" data-settings=\"{&quot;youtube_url&quot;:&quot;https:\\\/\\\/www.youtube.com\\\/watch?v=IZKH3MKfISs&quot;,&quot;video_type&quot;:&quot;youtube&quot;,&quot;controls&quot;:&quot;yes&quot;}\" data-widget_type=\"video.default\">\n\t\t\t\t<div class=\"elementor-widget-container\">\n\t\t\t\t\t\t\t<div class=\"elementor-wrapper elementor-open-inline\">\n\t\t\t<div class=\"elementor-video\"><\/div>\t\t<\/div>\n\t\t\t\t\t\t<\/div>\n\t\t\t\t<\/div>\n\t\t\t\t<\/div>\n\t\t\t\t\t<\/div>\n\t\t\t\t<\/div>\n\t\t<div class=\"elementor-element elementor-element-2b3573a e-flex e-con-boxed e-con e-parent\" data-id=\"2b3573a\" data-element_type=\"container\" data-e-type=\"container\">\n\t\t\t\t\t<div class=\"e-con-inner\">\n\t\t<div class=\"elementor-element elementor-element-51c2d27 e-con-full e-flex e-con e-child\" data-id=\"51c2d27\" data-element_type=\"container\" data-e-type=\"container\">\n\t\t\t\t<div class=\"elementor-element elementor-element-182ed2e elementor-align-center elementor-widget elementor-widget-button\" data-id=\"182ed2e\" data-element_type=\"widget\" data-e-type=\"widget\" data-widget_type=\"button.default\">\n\t\t\t\t<div class=\"elementor-widget-container\">\n\t\t\t\t\t\t\t\t\t<div class=\"elementor-button-wrapper\">\n\t\t\t\t\t<a class=\"elementor-button elementor-button-link elementor-size-sm\" href=\"#\">\n\t\t\t\t\t\t<span class=\"elementor-button-content-wrapper\">\n\t\t\t\t\t\t<span class=\"elementor-button-icon\">\n\t\t\t\t<svg aria-hidden=\"true\" class=\"e-font-icon-svg e-far-arrow-alt-circle-up\" viewbox=\"0 0 512 512\" xmlns=\"http:\/\/www.w3.org\/2000\/svg\"><path d=\"M256 504c137 0 248-111 248-248S393 8 256 8 8 119 8 256s111 248 248 248zm0-448c110.5 0 200 89.5 200 200s-89.5 200-200 200S56 366.5 56 256 145.5 56 256 56zm20 328h-40c-6.6 0-12-5.4-12-12V256h-67c-10.7 0-16-12.9-8.5-20.5l99-99c4.7-4.7 12.3-4.7 17 0l99 99c7.6 7.6 2.2 20.5-8.5 20.5h-67v116c0 6.6-5.4 12-12 12z\"><\/path><\/svg>\t\t\t<\/span>\n\t\t\t\t\t\t\t\t\t<span class=\"elementor-button-text\">To the top<\/span>\n\t\t\t\t\t<\/span>\n\t\t\t\t\t<\/a>\n\t\t\t\t<\/div>\n\t\t\t\t\t\t\t\t<\/div>\n\t\t\t\t<\/div>\n\t\t\t\t<\/div>\n\t\t\t\t\t<\/div>\n\t\t\t\t<\/div>\n\t\t\t\t<\/div>","protected":false},"excerpt":{"rendered":"<p>Fen og Fensfeltet sett fra Holla kirkeruin. Fensdagene 2025 &#8211; M\u00f8teplassen for malm og muligheter Nome kommune med samarbeidspartnere \u00f8nsker velkommen til Fensdagene 2025\u00a0 Onsdag 23. april &#8211; fredag 25.april,\u00a0Ulefoss i Nome &#8211; Program Fensdagene 2025 Programmet for Fensdagene 2025 er klart. P\u00e5 Fensdagene samles offentlige myndigheter, privat n\u00e6ringsliv, lag og foreninger og innbyggerne til [&hellip;]<\/p>\n","protected":false},"author":4,"featured_media":0,"parent":0,"menu_order":0,"comment_status":"closed","ping_status":"closed","template":"","meta":{"_monsterinsights_skip_tracking":false,"_monsterinsights_sitenote_active":false,"_monsterinsights_sitenote_note":"","_monsterinsights_sitenote_category":0,"footnotes":""},"class_list":["post-629","page","type-page","status-publish","hentry"],"_links":{"self":[{"href":"https:\/\/fensfeltet.no\/en\/wp-json\/wp\/v2\/pages\/629","targetHints":{"allow":["GET"]}}],"collection":[{"href":"https:\/\/fensfeltet.no\/en\/wp-json\/wp\/v2\/pages"}],"about":[{"href":"https:\/\/fensfeltet.no\/en\/wp-json\/wp\/v2\/types\/page"}],"author":[{"embeddable":true,"href":"https:\/\/fensfeltet.no\/en\/wp-json\/wp\/v2\/users\/4"}],"replies":[{"embeddable":true,"href":"https:\/\/fensfeltet.no\/en\/wp-json\/wp\/v2\/comments?post=629"}],"version-history":[{"count":41,"href":"https:\/\/fensfeltet.no\/en\/wp-json\/wp\/v2\/pages\/629\/revisions"}],"predecessor-version":[{"id":3462,"href":"https:\/\/fensfeltet.no\/en\/wp-json\/wp\/v2\/pages\/629\/revisions\/3462"}],"wp:attachment":[{"href":"https:\/\/fensfeltet.no\/en\/wp-json\/wp\/v2\/media?parent=629"}],"curies":[{"name":"wp","href":"https:\/\/api.w.org\/{rel}","templated":true}]}}